{"id":10167,"date":"2020-08-08T00:09:59","date_gmt":"2020-08-07T22:09:59","guid":{"rendered":"http:\/\/localhost\/wordpress\/product\/lubrex-sae-140-gl1\/"},"modified":"2021-03-17T15:46:15","modified_gmt":"2021-03-17T15:46:15","slug":"lubrex-sae-140-gl1","status":"publish","type":"product","link":"https:\/\/gedislub.com\/en\/product\/lubrex-sae-140-gl1\/","title":{"rendered":"LUBREX SAE 140 GL1"},"content":{"rendered":"<p>Huile pour engrenages, con\u00e7ue pour une utilisation dans la transmission de l&#8217;\u00e9quipement de service automobile et lourd dans des conditions d&#8217;exploitation mod\u00e9r\u00e9es. Commande manuelle des bo\u00eetes de transmission et d&#8217;engrenage robustes n\u00e9cessitant API GL-1. Engrenages de direction et joints universels, engrenages industriels clos et accouplements flexible<\/p>","protected":false},"excerpt":{"rendered":"<p>Huile pour engrenages, con\u00e7ue pour une utilisation dans la transmission de l&#8217;\u00e9quipement de service automobile et lourd dans des conditions d&#8217;exploitation mod\u00e9r\u00e9es. Commande manuelle des bo\u00eetes de transmission et d&#8217;engrenage robustes n\u00e9cessitant API GL-1. Engrenages de direction et joints universels, engrenages industriels clos et accouplements flexible<\/p>","protected":false},"featured_media":13486,"template":"","meta":[],"product_cat":[],"product_tag":[],"yoast_head":"<!-- This site is optimized with the Yoast SEO plugin v16.6.1 - https:\/\/yoast.com\/wordpress\/plugins\/seo\/ -->\n<title>LUBREX SAE 140 GL1 - Gedis-Lub<\/title>\n<meta name=\"robots\" content=\"index, follow, max-snippet:-1, max-image-preview:large, max-video-preview:-1\" \/>\n<link rel=\"canonical\" href=\"https:\/\/gedislub.com\/en\/product\/lubrex-sae-140-gl1\/\" \/>\n<meta property=\"og:locale\" content=\"en_US\" \/>\n<meta property=\"og:type\" content=\"article\" \/>\n<meta property=\"og:title\" content=\"LUBREX SAE 140 GL1 - Gedis-Lub\" \/>\n<meta property=\"og:description\" content=\"Huile pour engrenages, con\u00e7ue pour une utilisation dans la transmission de l&#039;\u00e9quipement de service automobile et lourd dans des conditions d&#039;exploitation mod\u00e9r\u00e9es. Commande manuelle des bo\u00eetes de transmission et d&#039;engrenage robustes n\u00e9cessitant API GL-1. Engrenages de direction et joints universels, engrenages industriels clos et accouplements flexible\" \/>\n<meta property=\"og:url\" content=\"https:\/\/gedislub.com\/en\/product\/lubrex-sae-140-gl1\/\" \/>\n<meta property=\"og:site_name\" content=\"Gedis-Lub\" \/>\n<meta property=\"article:publisher\" content=\"https:\/\/www.facebook.com\/gedisAdmin\/\" \/>\n<meta property=\"article:modified_time\" content=\"2021-03-17T15:46:15+00:00\" \/>\n<meta property=\"og:image\" content=\"https:\/\/gedislub.com\/wp-content\/uploads\/LUBGEAR140B1.jpg\" \/>\n\t<meta property=\"og:image:width\" content=\"800\" \/>\n\t<meta property=\"og:image:height\" content=\"600\" \/>\n<meta name=\"twitter:card\" content=\"summary_large_image\" \/>\n<script type=\"application\/ld+json\" class=\"yoast-schema-graph\">{\"@context\":\"https:\/\/schema.org\",\"@graph\":[{\"@type\":\"Organization\",\"@id\":\"https:\/\/gedislub.com\/en\/#organization\",\"name\":\"Gedis Lub\",\"url\":\"https:\/\/gedislub.com\/en\/\",\"sameAs\":[\"https:\/\/www.facebook.com\/gedisAdmin\/\"],\"logo\":{\"@type\":\"ImageObject\",\"@id\":\"https:\/\/gedislub.com\/en\/#logo\",\"inLanguage\":\"en-US\",\"url\":\"https:\/\/gedislub.com\/wp-content\/uploads\/Gedis-Logo_03.png\",\"contentUrl\":\"https:\/\/gedislub.com\/wp-content\/uploads\/Gedis-Logo_03.png\",\"width\":269,\"height\":88,\"caption\":\"Gedis Lub\"},\"image\":{\"@id\":\"https:\/\/gedislub.com\/en\/#logo\"}},{\"@type\":\"WebSite\",\"@id\":\"https:\/\/gedislub.com\/en\/#website\",\"url\":\"https:\/\/gedislub.com\/en\/\",\"name\":\"Gedis-Lub\",\"description\":\"La qualit\\u00e9 en plus\",\"publisher\":{\"@id\":\"https:\/\/gedislub.com\/en\/#organization\"},\"potentialAction\":[{\"@type\":\"SearchAction\",\"target\":{\"@type\":\"EntryPoint\",\"urlTemplate\":\"https:\/\/gedislub.com\/en\/?s={search_term_string}\"},\"query-input\":\"required name=search_term_string\"}],\"inLanguage\":\"en-US\"},{\"@type\":\"ImageObject\",\"@id\":\"https:\/\/gedislub.com\/en\/product\/lubrex-sae-140-gl1\/#primaryimage\",\"inLanguage\":\"en-US\",\"url\":\"https:\/\/gedislub.com\/wp-content\/uploads\/LUBGEAR140B1.jpg\",\"contentUrl\":\"https:\/\/gedislub.com\/wp-content\/uploads\/LUBGEAR140B1.jpg\",\"width\":800,\"height\":600},{\"@type\":\"WebPage\",\"@id\":\"https:\/\/gedislub.com\/en\/product\/lubrex-sae-140-gl1\/#webpage\",\"url\":\"https:\/\/gedislub.com\/en\/product\/lubrex-sae-140-gl1\/\",\"name\":\"LUBREX SAE 140 GL1 - Gedis-Lub\",\"isPartOf\":{\"@id\":\"https:\/\/gedislub.com\/en\/#website\"},\"primaryImageOfPage\":{\"@id\":\"https:\/\/gedislub.com\/en\/product\/lubrex-sae-140-gl1\/#primaryimage\"},\"datePublished\":\"2020-08-07T22:09:59+00:00\",\"dateModified\":\"2021-03-17T15:46:15+00:00\",\"breadcrumb\":{\"@id\":\"https:\/\/gedislub.com\/en\/product\/lubrex-sae-140-gl1\/#breadcrumb\"},\"inLanguage\":\"en-US\",\"potentialAction\":[{\"@type\":\"ReadAction\",\"target\":[\"https:\/\/gedislub.com\/en\/product\/lubrex-sae-140-gl1\/\"]}]},{\"@type\":\"BreadcrumbList\",\"@id\":\"https:\/\/gedislub.com\/en\/product\/lubrex-sae-140-gl1\/#breadcrumb\",\"itemListElement\":[{\"@type\":\"ListItem\",\"position\":1,\"name\":\"Accueil\",\"item\":\"https:\/\/gedislub.com\/en\/\"},{\"@type\":\"ListItem\",\"position\":2,\"name\":\"Boutique\",\"item\":\"https:\/\/gedislub.com\/en\/boutique\/\"},{\"@type\":\"ListItem\",\"position\":3,\"name\":\"LUBREX SAE 140 GL1\"}]}]}<\/script>\n<!-- \/ Yoast SEO plugin. -->","_links":{"self":[{"href":"https:\/\/gedislub.com\/en\/wp-json\/wp\/v2\/product\/10167"}],"collection":[{"href":"https:\/\/gedislub.com\/en\/wp-json\/wp\/v2\/product"}],"about":[{"href":"https:\/\/gedislub.com\/en\/wp-json\/wp\/v2\/types\/product"}],"wp:featuredmedia":[{"embeddable":true,"href":"https:\/\/gedislub.com\/en\/wp-json\/wp\/v2\/media\/13486"}],"wp:attachment":[{"href":"https:\/\/gedislub.com\/en\/wp-json\/wp\/v2\/media?parent=10167"}],"wp:term":[{"taxonomy":"product_cat","embeddable":true,"href":"https:\/\/gedislub.com\/en\/wp-json\/wp\/v2\/product_cat?post=10167"},{"taxonomy":"product_tag","embeddable":true,"href":"https:\/\/gedislub.com\/en\/wp-json\/wp\/v2\/product_tag?post=10167"}],"curies":[{"name":"wp","href":"https:\/\/api.w.org\/{rel}","templated":true}]}}