{"id":12483,"date":"2020-08-18T18:04:01","date_gmt":"2020-08-18T16:04:01","guid":{"rendered":"http:\/\/gedisnew.gedislub.com\/product\/colle-alteco-110-super-glue\/"},"modified":"2020-08-18T18:10:44","modified_gmt":"2020-08-18T16:10:44","slug":"colle-alteco-110-super-glue","status":"publish","type":"product","link":"https:\/\/gedislub.com\/en\/product\/colle-alteco-110-super-glue\/","title":{"rendered":"COLLE ALTECO 110 SUPER GLUE"},"content":{"rendered":"<p>Tube de 3 gr<br \/>\nSUPER GLUE 110 est utilis\u00e9 pour le m\u00e9tal, le plastique, le bois, la porcelaine, le verre, le papier, le cuir et le caoutchouc<br \/>\nPr\u00e9cautions lors de la manipulation: pour garder la pointe du tube d\u00e9gag\u00e9e et retirer la colle des doigts, essuyez l&#8217;exc\u00e8s de colle avec un chiffon ou du papier absorbant. Conservez dans un endroit frais et sec<br \/>\nApplication: les deux surfaces doivent \u00eatre lisses, propres et s\u00e8ches<br \/>\n&#8211; appliquer sur une surface. seulement une goutte par pouce carr\u00e9 et pas plus<br \/>\n&#8211; placer dans une position fixe, appliquer une l\u00e9g\u00e8re pression jusqu&#8217;\u00e0 ce que les ensembles se collent<\/p>","protected":false},"excerpt":{"rendered":"<p>Tube de 3 gr SUPER GLUE 110 est utilis\u00e9 pour le m\u00e9tal, le plastique, le bois, la porcelaine, le verre, le papier, le cuir et le caoutchouc Pr\u00e9cautions lors de<\/p>","protected":false},"featured_media":10724,"template":"","meta":[],"product_cat":[],"product_tag":[],"yoast_head":"<!-- This site is optimized with the Yoast SEO plugin v16.6.1 - https:\/\/yoast.com\/wordpress\/plugins\/seo\/ -->\n<title>COLLE ALTECO 110 SUPER GLUE - Gedis-Lub<\/title>\n<meta name=\"robots\" content=\"index, follow, max-snippet:-1, max-image-preview:large, max-video-preview:-1\" \/>\n<link rel=\"canonical\" href=\"https:\/\/gedislub.com\/en\/product\/colle-alteco-110-super-glue\/\" \/>\n<meta property=\"og:locale\" content=\"en_US\" \/>\n<meta property=\"og:type\" content=\"article\" \/>\n<meta property=\"og:title\" content=\"COLLE ALTECO 110 SUPER GLUE - Gedis-Lub\" \/>\n<meta property=\"og:description\" content=\"Tube de 3 gr SUPER GLUE 110 est utilis\u00e9 pour le m\u00e9tal, le plastique, le bois, la porcelaine, le verre, le papier, le cuir et le caoutchouc Pr\u00e9cautions lors de\" \/>\n<meta property=\"og:url\" content=\"https:\/\/gedislub.com\/en\/product\/colle-alteco-110-super-glue\/\" \/>\n<meta property=\"og:site_name\" content=\"Gedis-Lub\" \/>\n<meta property=\"article:publisher\" content=\"https:\/\/www.facebook.com\/gedisAdmin\/\" \/>\n<meta property=\"article:modified_time\" content=\"2020-08-18T16:10:44+00:00\" \/>\n<meta property=\"og:image\" content=\"https:\/\/gedislub.com\/wp-content\/uploads\/17038J.jpg\" \/>\n\t<meta property=\"og:image:width\" content=\"800\" \/>\n\t<meta property=\"og:image:height\" content=\"600\" \/>\n<meta name=\"twitter:card\" content=\"summary_large_image\" \/>\n<meta name=\"twitter:label1\" content=\"Est. reading time\" \/>\n\t<meta name=\"twitter:data1\" content=\"1 minute\" \/>\n<script type=\"application\/ld+json\" class=\"yoast-schema-graph\">{\"@context\":\"https:\/\/schema.org\",\"@graph\":[{\"@type\":\"Organization\",\"@id\":\"https:\/\/gedislub.com\/en\/#organization\",\"name\":\"Gedis Lub\",\"url\":\"https:\/\/gedislub.com\/en\/\",\"sameAs\":[\"https:\/\/www.facebook.com\/gedisAdmin\/\"],\"logo\":{\"@type\":\"ImageObject\",\"@id\":\"https:\/\/gedislub.com\/en\/#logo\",\"inLanguage\":\"en-US\",\"url\":\"https:\/\/gedislub.com\/wp-content\/uploads\/Gedis-Logo_03.png\",\"contentUrl\":\"https:\/\/gedislub.com\/wp-content\/uploads\/Gedis-Logo_03.png\",\"width\":269,\"height\":88,\"caption\":\"Gedis Lub\"},\"image\":{\"@id\":\"https:\/\/gedislub.com\/en\/#logo\"}},{\"@type\":\"WebSite\",\"@id\":\"https:\/\/gedislub.com\/en\/#website\",\"url\":\"https:\/\/gedislub.com\/en\/\",\"name\":\"Gedis-Lub\",\"description\":\"La qualit\\u00e9 en plus\",\"publisher\":{\"@id\":\"https:\/\/gedislub.com\/en\/#organization\"},\"potentialAction\":[{\"@type\":\"SearchAction\",\"target\":{\"@type\":\"EntryPoint\",\"urlTemplate\":\"https:\/\/gedislub.com\/en\/?s={search_term_string}\"},\"query-input\":\"required name=search_term_string\"}],\"inLanguage\":\"en-US\"},{\"@type\":\"ImageObject\",\"@id\":\"https:\/\/gedislub.com\/en\/product\/colle-alteco-110-super-glue\/#primaryimage\",\"inLanguage\":\"en-US\",\"url\":\"https:\/\/gedislub.com\/wp-content\/uploads\/17038J.jpg\",\"contentUrl\":\"https:\/\/gedislub.com\/wp-content\/uploads\/17038J.jpg\",\"width\":800,\"height\":600},{\"@type\":\"WebPage\",\"@id\":\"https:\/\/gedislub.com\/en\/product\/colle-alteco-110-super-glue\/#webpage\",\"url\":\"https:\/\/gedislub.com\/en\/product\/colle-alteco-110-super-glue\/\",\"name\":\"COLLE ALTECO 110 SUPER GLUE - Gedis-Lub\",\"isPartOf\":{\"@id\":\"https:\/\/gedislub.com\/en\/#website\"},\"primaryImageOfPage\":{\"@id\":\"https:\/\/gedislub.com\/en\/product\/colle-alteco-110-super-glue\/#primaryimage\"},\"datePublished\":\"2020-08-18T16:04:01+00:00\",\"dateModified\":\"2020-08-18T16:10:44+00:00\",\"breadcrumb\":{\"@id\":\"https:\/\/gedislub.com\/en\/product\/colle-alteco-110-super-glue\/#breadcrumb\"},\"inLanguage\":\"en-US\",\"potentialAction\":[{\"@type\":\"ReadAction\",\"target\":[\"https:\/\/gedislub.com\/en\/product\/colle-alteco-110-super-glue\/\"]}]},{\"@type\":\"BreadcrumbList\",\"@id\":\"https:\/\/gedislub.com\/en\/product\/colle-alteco-110-super-glue\/#breadcrumb\",\"itemListElement\":[{\"@type\":\"ListItem\",\"position\":1,\"name\":\"Accueil\",\"item\":\"https:\/\/gedislub.com\/en\/\"},{\"@type\":\"ListItem\",\"position\":2,\"name\":\"Boutique\",\"item\":\"https:\/\/gedislub.com\/en\/boutique\/\"},{\"@type\":\"ListItem\",\"position\":3,\"name\":\"COLLE ALTECO 110 SUPER GLUE\"}]}]}<\/script>\n<!-- \/ Yoast SEO plugin. -->","_links":{"self":[{"href":"https:\/\/gedislub.com\/en\/wp-json\/wp\/v2\/product\/12483"}],"collection":[{"href":"https:\/\/gedislub.com\/en\/wp-json\/wp\/v2\/product"}],"about":[{"href":"https:\/\/gedislub.com\/en\/wp-json\/wp\/v2\/types\/product"}],"wp:featuredmedia":[{"embeddable":true,"href":"https:\/\/gedislub.com\/en\/wp-json\/wp\/v2\/media\/10724"}],"wp:attachment":[{"href":"https:\/\/gedislub.com\/en\/wp-json\/wp\/v2\/media?parent=12483"}],"wp:term":[{"taxonomy":"product_cat","embeddable":true,"href":"https:\/\/gedislub.com\/en\/wp-json\/wp\/v2\/product_cat?post=12483"},{"taxonomy":"product_tag","embeddable":true,"href":"https:\/\/gedislub.com\/en\/wp-json\/wp\/v2\/product_tag?post=12483"}],"curies":[{"name":"wp","href":"https:\/\/api.w.org\/{rel}","templated":true}]}}