{"id":14234,"date":"2020-10-09T15:05:05","date_gmt":"2020-10-09T15:05:05","guid":{"rendered":"http:\/\/gedislub.com\/product\/compresseur-a-air-fiac-300l-a-courroie-10bar-230v-2-2kw-350l-m\/"},"modified":"2020-10-09T15:16:33","modified_gmt":"2020-10-09T15:16:33","slug":"compresseur-a-air-fiac-300l-a-courroie-10bar-230v-2-2kw-350l-m","status":"publish","type":"product","link":"https:\/\/gedislub.com\/en\/product\/compresseur-a-air-fiac-300l-a-courroie-10bar-230v-2-2kw-350l-m\/","title":{"rendered":"COMPRESSEUR A AIR FIAC 300L A COURROIE 10BAR 230V 2.2KW 350L\/M"},"content":{"rendered":"<p>Descriptions :<br \/>\n&#8211; Con\u00e7u pour les professionnels et d\u00e9butants<br \/>\n&#8211; Solution parfaite pour une utilisation fr\u00e9quente et id\u00e9ale pour les besoins en gonflage, soufflage, nettoyage, clouage et agrafage, meulage professionel, peinture \u00e0 gravit\u00e9, martelage, derouillage \u00e0 aiguilles, utilisation de cl\u00e9s \u00e0 chocs, sablage, pon\u00e7age, per\u00e7age, pulv\u00e9risation air\/eau et beaucoup d&#8217;autres<br \/>\n&#8211; Compresseurs \u00e0 pistons<br \/>\n&#8211; Longue dur\u00e9e d&#8217;utilisation<br \/>\n&#8211; Bonne production d\u2019air comprim\u00e9<br \/>\n&#8211; Bonnes vitesses de rotation<br \/>\n&#8211; R\u00e9duction du niveau sonore<\/p>\n<p>Param\u00e8tres Techniques :<br \/>\nModel : AB300-360<br \/>\nD\u00e9bit d&#8217;air aspir\u00e9 (l\/min) : 350<br \/>\nD\u00e9bit d&#8217;air (m\u00b3\/h) : 21<br \/>\nCat\u00e9gorie de produit : Compresseur \u00e0 piston<br \/>\nMobilit\u00e9 : Mobile<br \/>\nChevaux (cv) : 3 HP<br \/>\nPuissance (kW) : 2,2<br \/>\nCapacit\u00e9 de r\u00e9servoir : 270 litres<br \/>\nDemarrage : D\u00e9marrage direct<br \/>\nTours par minute (rpm) : 1 500<br \/>\nType : Courroie &#8211; mono \u00e9tag\u00e9e<br \/>\nPoids (kg) : 140<br \/>\nDimension (LxPxH) : 1600 x 560 x 1040<br \/>\nTension (V) : 230<br \/>\nFr\u00e9quence (Hz) : 50<br \/>\nPhase : Mono<br \/>\nPression maximale (bar) : 10<br \/>\nID produit : 1121480938<br \/>\nNiveau de bruit LpA 4 m (dB(A)) : 74<br \/>\nT\u00eate de compresseur : AB 360<\/p>","protected":false},"excerpt":{"rendered":"<p>Descriptions : &#8211; Con\u00e7u pour les professionnels et d\u00e9butants &#8211; Solution parfaite pour une utilisation fr\u00e9quente et id\u00e9ale pour les besoins en gonflage, soufflage, nettoyage, clouage et agrafage, meulage professionel,<\/p>","protected":false},"featured_media":14187,"template":"","meta":[],"product_cat":[],"product_tag":[],"yoast_head":"<!-- This site is optimized with the Yoast SEO plugin v16.6.1 - https:\/\/yoast.com\/wordpress\/plugins\/seo\/ -->\n<title>COMPRESSEUR A AIR FIAC 300L A COURROIE 10BAR 230V 2.2KW 350L\/M - Gedis-Lub<\/title>\n<meta name=\"robots\" content=\"index, follow, max-snippet:-1, max-image-preview:large, max-video-preview:-1\" \/>\n<link rel=\"canonical\" href=\"https:\/\/gedislub.com\/en\/product\/compresseur-a-air-fiac-300l-a-courroie-10bar-230v-2-2kw-350l-m\/\" \/>\n<meta property=\"og:locale\" content=\"en_US\" \/>\n<meta property=\"og:type\" content=\"article\" \/>\n<meta property=\"og:title\" content=\"COMPRESSEUR A AIR FIAC 300L A COURROIE 10BAR 230V 2.2KW 350L\/M - Gedis-Lub\" \/>\n<meta property=\"og:description\" content=\"Descriptions : &#8211; Con\u00e7u pour les professionnels et d\u00e9butants &#8211; Solution parfaite pour une utilisation fr\u00e9quente et id\u00e9ale pour les besoins en gonflage, soufflage, nettoyage, clouage et agrafage, meulage professionel,\" \/>\n<meta property=\"og:url\" content=\"https:\/\/gedislub.com\/en\/product\/compresseur-a-air-fiac-300l-a-courroie-10bar-230v-2-2kw-350l-m\/\" \/>\n<meta property=\"og:site_name\" content=\"Gedis-Lub\" \/>\n<meta property=\"article:publisher\" content=\"https:\/\/www.facebook.com\/gedisAdmin\/\" \/>\n<meta property=\"article:modified_time\" content=\"2020-10-09T15:16:33+00:00\" \/>\n<meta property=\"og:image\" content=\"https:\/\/gedislub.com\/wp-content\/uploads\/AB300-360.jpg\" \/>\n\t<meta property=\"og:image:width\" content=\"800\" \/>\n\t<meta property=\"og:image:height\" content=\"600\" \/>\n<meta name=\"twitter:card\" content=\"summary_large_image\" \/>\n<meta name=\"twitter:label1\" content=\"Est. reading time\" \/>\n\t<meta name=\"twitter:data1\" content=\"1 minute\" \/>\n<script type=\"application\/ld+json\" class=\"yoast-schema-graph\">{\"@context\":\"https:\/\/schema.org\",\"@graph\":[{\"@type\":\"Organization\",\"@id\":\"https:\/\/gedislub.com\/en\/#organization\",\"name\":\"Gedis Lub\",\"url\":\"https:\/\/gedislub.com\/en\/\",\"sameAs\":[\"https:\/\/www.facebook.com\/gedisAdmin\/\"],\"logo\":{\"@type\":\"ImageObject\",\"@id\":\"https:\/\/gedislub.com\/en\/#logo\",\"inLanguage\":\"en-US\",\"url\":\"https:\/\/gedislub.com\/wp-content\/uploads\/Gedis-Logo_03.png\",\"contentUrl\":\"https:\/\/gedislub.com\/wp-content\/uploads\/Gedis-Logo_03.png\",\"width\":269,\"height\":88,\"caption\":\"Gedis Lub\"},\"image\":{\"@id\":\"https:\/\/gedislub.com\/en\/#logo\"}},{\"@type\":\"WebSite\",\"@id\":\"https:\/\/gedislub.com\/en\/#website\",\"url\":\"https:\/\/gedislub.com\/en\/\",\"name\":\"Gedis-Lub\",\"description\":\"La qualit\\u00e9 en plus\",\"publisher\":{\"@id\":\"https:\/\/gedislub.com\/en\/#organization\"},\"potentialAction\":[{\"@type\":\"SearchAction\",\"target\":{\"@type\":\"EntryPoint\",\"urlTemplate\":\"https:\/\/gedislub.com\/en\/?s={search_term_string}\"},\"query-input\":\"required name=search_term_string\"}],\"inLanguage\":\"en-US\"},{\"@type\":\"ImageObject\",\"@id\":\"https:\/\/gedislub.com\/en\/product\/compresseur-a-air-fiac-300l-a-courroie-10bar-230v-2-2kw-350l-m\/#primaryimage\",\"inLanguage\":\"en-US\",\"url\":\"https:\/\/gedislub.com\/wp-content\/uploads\/AB300-360.jpg\",\"contentUrl\":\"https:\/\/gedislub.com\/wp-content\/uploads\/AB300-360.jpg\",\"width\":800,\"height\":600},{\"@type\":\"WebPage\",\"@id\":\"https:\/\/gedislub.com\/en\/product\/compresseur-a-air-fiac-300l-a-courroie-10bar-230v-2-2kw-350l-m\/#webpage\",\"url\":\"https:\/\/gedislub.com\/en\/product\/compresseur-a-air-fiac-300l-a-courroie-10bar-230v-2-2kw-350l-m\/\",\"name\":\"COMPRESSEUR A AIR FIAC 300L A COURROIE 10BAR 230V 2.2KW 350L\/M - Gedis-Lub\",\"isPartOf\":{\"@id\":\"https:\/\/gedislub.com\/en\/#website\"},\"primaryImageOfPage\":{\"@id\":\"https:\/\/gedislub.com\/en\/product\/compresseur-a-air-fiac-300l-a-courroie-10bar-230v-2-2kw-350l-m\/#primaryimage\"},\"datePublished\":\"2020-10-09T15:05:05+00:00\",\"dateModified\":\"2020-10-09T15:16:33+00:00\",\"breadcrumb\":{\"@id\":\"https:\/\/gedislub.com\/en\/product\/compresseur-a-air-fiac-300l-a-courroie-10bar-230v-2-2kw-350l-m\/#breadcrumb\"},\"inLanguage\":\"en-US\",\"potentialAction\":[{\"@type\":\"ReadAction\",\"target\":[\"https:\/\/gedislub.com\/en\/product\/compresseur-a-air-fiac-300l-a-courroie-10bar-230v-2-2kw-350l-m\/\"]}]},{\"@type\":\"BreadcrumbList\",\"@id\":\"https:\/\/gedislub.com\/en\/product\/compresseur-a-air-fiac-300l-a-courroie-10bar-230v-2-2kw-350l-m\/#breadcrumb\",\"itemListElement\":[{\"@type\":\"ListItem\",\"position\":1,\"name\":\"Accueil\",\"item\":\"https:\/\/gedislub.com\/en\/\"},{\"@type\":\"ListItem\",\"position\":2,\"name\":\"Boutique\",\"item\":\"https:\/\/gedislub.com\/en\/boutique\/\"},{\"@type\":\"ListItem\",\"position\":3,\"name\":\"COMPRESSEUR A AIR FIAC 300L A COURROIE 10BAR 230V 2.2KW 350L\/M\"}]}]}<\/script>\n<!-- \/ Yoast SEO plugin. -->","_links":{"self":[{"href":"https:\/\/gedislub.com\/en\/wp-json\/wp\/v2\/product\/14234"}],"collection":[{"href":"https:\/\/gedislub.com\/en\/wp-json\/wp\/v2\/product"}],"about":[{"href":"https:\/\/gedislub.com\/en\/wp-json\/wp\/v2\/types\/product"}],"wp:featuredmedia":[{"embeddable":true,"href":"https:\/\/gedislub.com\/en\/wp-json\/wp\/v2\/media\/14187"}],"wp:attachment":[{"href":"https:\/\/gedislub.com\/en\/wp-json\/wp\/v2\/media?parent=14234"}],"wp:term":[{"taxonomy":"product_cat","embeddable":true,"href":"https:\/\/gedislub.com\/en\/wp-json\/wp\/v2\/product_cat?post=14234"},{"taxonomy":"product_tag","embeddable":true,"href":"https:\/\/gedislub.com\/en\/wp-json\/wp\/v2\/product_tag?post=14234"}],"curies":[{"name":"wp","href":"https:\/\/api.w.org\/{rel}","templated":true}]}}