{"id":16280,"date":"2021-03-29T09:05:57","date_gmt":"2021-03-29T09:05:57","guid":{"rendered":"https:\/\/gedislub.com\/product\/cable-communication-mag-600a-4m-ctn\/"},"modified":"2021-03-29T09:06:02","modified_gmt":"2021-03-29T09:06:02","slug":"cable-communication-mag-600a-4m-ctn","status":"publish","type":"product","link":"https:\/\/gedislub.com\/en\/product\/cable-communication-mag-600a-4m-ctn\/","title":{"rendered":"CABLE COMMUNICATION MAG 600A &#8211; 4M (CTN)"},"content":{"rendered":"<p>Longueur de c\u00e2ble [m] : 4<br \/>\nIntensit\u00e9 maximum [A] : 600<br \/>\nTension [V] : 12 \/ 24<br \/>\nPinces marqu\u00e9es en phase pour plus de s\u00e9curit\u00e9<br \/>\nUtilisation pour haute \/ basse temp\u00e9rature<br \/>\nExtra flexible pour une utilisation facile<br \/>\nPour un fonctionnement en toute s\u00e9curit\u00e9 avec toutes les automobiles de 4,6 et 8 cylindres<br \/>\nEmballage en carton<\/p>","protected":false},"excerpt":{"rendered":"<p>Longueur de c\u00e2ble [m] : 4 Intensit\u00e9 maximum [A] : 600 Tension [V] : 12 \/ 24 Pinces marqu\u00e9es en phase pour plus de s\u00e9curit\u00e9 Utilisation pour haute \/ basse<\/p>","protected":false},"featured_media":13256,"template":"","meta":[],"product_cat":[],"product_tag":[],"yoast_head":"<!-- This site is optimized with the Yoast SEO plugin v16.6.1 - https:\/\/yoast.com\/wordpress\/plugins\/seo\/ -->\n<title>CABLE COMMUNICATION MAG 600A - 4M (CTN) - Gedis-Lub<\/title>\n<meta name=\"robots\" content=\"index, follow, max-snippet:-1, max-image-preview:large, max-video-preview:-1\" \/>\n<link rel=\"canonical\" href=\"https:\/\/gedislub.com\/en\/product\/cable-communication-mag-600a-4m-ctn\/\" \/>\n<meta property=\"og:locale\" content=\"en_US\" \/>\n<meta property=\"og:type\" content=\"article\" \/>\n<meta property=\"og:title\" content=\"CABLE COMMUNICATION MAG 600A - 4M (CTN) - Gedis-Lub\" \/>\n<meta property=\"og:description\" content=\"Longueur de c\u00e2ble [m] : 4 Intensit\u00e9 maximum [A] : 600 Tension [V] : 12 \/ 24 Pinces marqu\u00e9es en phase pour plus de s\u00e9curit\u00e9 Utilisation pour haute \/ basse\" \/>\n<meta property=\"og:url\" content=\"https:\/\/gedislub.com\/en\/product\/cable-communication-mag-600a-4m-ctn\/\" \/>\n<meta property=\"og:site_name\" content=\"Gedis-Lub\" \/>\n<meta property=\"article:publisher\" content=\"https:\/\/www.facebook.com\/gedisAdmin\/\" \/>\n<meta property=\"article:modified_time\" content=\"2021-03-29T09:06:02+00:00\" \/>\n<meta property=\"og:image\" content=\"https:\/\/gedislub.com\/wp-content\/uploads\/MA-600B-4.jpg\" \/>\n\t<meta property=\"og:image:width\" content=\"800\" \/>\n\t<meta property=\"og:image:height\" content=\"600\" \/>\n<meta name=\"twitter:card\" content=\"summary_large_image\" \/>\n<script type=\"application\/ld+json\" class=\"yoast-schema-graph\">{\"@context\":\"https:\/\/schema.org\",\"@graph\":[{\"@type\":\"Organization\",\"@id\":\"https:\/\/gedislub.com\/en\/#organization\",\"name\":\"Gedis Lub\",\"url\":\"https:\/\/gedislub.com\/en\/\",\"sameAs\":[\"https:\/\/www.facebook.com\/gedisAdmin\/\"],\"logo\":{\"@type\":\"ImageObject\",\"@id\":\"https:\/\/gedislub.com\/en\/#logo\",\"inLanguage\":\"en-US\",\"url\":\"https:\/\/gedislub.com\/wp-content\/uploads\/Gedis-Logo_03.png\",\"contentUrl\":\"https:\/\/gedislub.com\/wp-content\/uploads\/Gedis-Logo_03.png\",\"width\":269,\"height\":88,\"caption\":\"Gedis Lub\"},\"image\":{\"@id\":\"https:\/\/gedislub.com\/en\/#logo\"}},{\"@type\":\"WebSite\",\"@id\":\"https:\/\/gedislub.com\/en\/#website\",\"url\":\"https:\/\/gedislub.com\/en\/\",\"name\":\"Gedis-Lub\",\"description\":\"La qualit\\u00e9 en plus\",\"publisher\":{\"@id\":\"https:\/\/gedislub.com\/en\/#organization\"},\"potentialAction\":[{\"@type\":\"SearchAction\",\"target\":{\"@type\":\"EntryPoint\",\"urlTemplate\":\"https:\/\/gedislub.com\/en\/?s={search_term_string}\"},\"query-input\":\"required name=search_term_string\"}],\"inLanguage\":\"en-US\"},{\"@type\":\"ImageObject\",\"@id\":\"https:\/\/gedislub.com\/en\/product\/cable-communication-mag-600a-4m-ctn\/#primaryimage\",\"inLanguage\":\"en-US\",\"url\":\"https:\/\/gedislub.com\/wp-content\/uploads\/MA-600B-4.jpg\",\"contentUrl\":\"https:\/\/gedislub.com\/wp-content\/uploads\/MA-600B-4.jpg\",\"width\":800,\"height\":600},{\"@type\":\"WebPage\",\"@id\":\"https:\/\/gedislub.com\/en\/product\/cable-communication-mag-600a-4m-ctn\/#webpage\",\"url\":\"https:\/\/gedislub.com\/en\/product\/cable-communication-mag-600a-4m-ctn\/\",\"name\":\"CABLE COMMUNICATION MAG 600A - 4M (CTN) - Gedis-Lub\",\"isPartOf\":{\"@id\":\"https:\/\/gedislub.com\/en\/#website\"},\"primaryImageOfPage\":{\"@id\":\"https:\/\/gedislub.com\/en\/product\/cable-communication-mag-600a-4m-ctn\/#primaryimage\"},\"datePublished\":\"2021-03-29T09:05:57+00:00\",\"dateModified\":\"2021-03-29T09:06:02+00:00\",\"breadcrumb\":{\"@id\":\"https:\/\/gedislub.com\/en\/product\/cable-communication-mag-600a-4m-ctn\/#breadcrumb\"},\"inLanguage\":\"en-US\",\"potentialAction\":[{\"@type\":\"ReadAction\",\"target\":[\"https:\/\/gedislub.com\/en\/product\/cable-communication-mag-600a-4m-ctn\/\"]}]},{\"@type\":\"BreadcrumbList\",\"@id\":\"https:\/\/gedislub.com\/en\/product\/cable-communication-mag-600a-4m-ctn\/#breadcrumb\",\"itemListElement\":[{\"@type\":\"ListItem\",\"position\":1,\"name\":\"Accueil\",\"item\":\"https:\/\/gedislub.com\/en\/\"},{\"@type\":\"ListItem\",\"position\":2,\"name\":\"Boutique\",\"item\":\"https:\/\/gedislub.com\/en\/boutique\/\"},{\"@type\":\"ListItem\",\"position\":3,\"name\":\"CABLE COMMUNICATION MAG 600A &#8211; 4M (CTN)\"}]}]}<\/script>\n<!-- \/ Yoast SEO plugin. -->","_links":{"self":[{"href":"https:\/\/gedislub.com\/en\/wp-json\/wp\/v2\/product\/16280"}],"collection":[{"href":"https:\/\/gedislub.com\/en\/wp-json\/wp\/v2\/product"}],"about":[{"href":"https:\/\/gedislub.com\/en\/wp-json\/wp\/v2\/types\/product"}],"wp:featuredmedia":[{"embeddable":true,"href":"https:\/\/gedislub.com\/en\/wp-json\/wp\/v2\/media\/13256"}],"wp:attachment":[{"href":"https:\/\/gedislub.com\/en\/wp-json\/wp\/v2\/media?parent=16280"}],"wp:term":[{"taxonomy":"product_cat","embeddable":true,"href":"https:\/\/gedislub.com\/en\/wp-json\/wp\/v2\/product_cat?post=16280"},{"taxonomy":"product_tag","embeddable":true,"href":"https:\/\/gedislub.com\/en\/wp-json\/wp\/v2\/product_tag?post=16280"}],"curies":[{"name":"wp","href":"https:\/\/api.w.org\/{rel}","templated":true}]}}