{"id":16611,"date":"2021-06-23T09:20:47","date_gmt":"2021-06-23T09:20:47","guid":{"rendered":"https:\/\/gedislub.com\/produit\/g10-hydraulic-oil-iso-32-20l\/"},"modified":"2021-06-23T10:00:08","modified_gmt":"2021-06-23T10:00:08","slug":"g10-hydraulic-oil-iso-32-20l","status":"publish","type":"product","link":"https:\/\/gedislub.com\/en\/product\/g10-hydraulic-oil-iso-32-20l\/","title":{"rendered":"G10 HYDRAULIC OIL ISO 32 20L"},"content":{"rendered":"<p>C&#8217;est une huile hydraulique de premi\u00e8re qualit\u00e9, anti-oxydante, anti-usure, anti-corrosion pour des applications hydrauliques industrielles, m\u00e9lang\u00e9es avec des bases s\u00e9lectionn\u00e9es de haute qualit\u00e9 et des additifs sp\u00e9ciaux pour donner une excellente d\u00e9s\u00e9mulsibilit\u00e9, une stabilit\u00e9 thermique et d&#8217;oxydation sup\u00e9rieure et une excellente capacit\u00e9 de charge. Elle est applicable dans les syst\u00e8mes hydrauliques critiques pour l&#8217;accumulation de d\u00e9p\u00f4ts ou dans les cas de boues et de d\u00e9p\u00f4ts provenant de syst\u00e8mes de produits conventuels contenant des engrenages et des roulements.<\/p>","protected":false},"excerpt":{"rendered":"<p>Bidon de 20 litres<\/p>","protected":false},"featured_media":16516,"template":"","meta":[],"product_cat":[],"product_tag":[],"yoast_head":"<!-- This site is optimized with the Yoast SEO plugin v16.6.1 - https:\/\/yoast.com\/wordpress\/plugins\/seo\/ -->\n<title>G10 HYDRAULIC OIL ISO 32 20L - Gedis-Lub<\/title>\n<meta name=\"robots\" content=\"index, follow, max-snippet:-1, max-image-preview:large, max-video-preview:-1\" \/>\n<link rel=\"canonical\" href=\"https:\/\/gedislub.com\/en\/product\/g10-hydraulic-oil-iso-32-20l\/\" \/>\n<meta property=\"og:locale\" content=\"en_US\" \/>\n<meta property=\"og:type\" content=\"article\" \/>\n<meta property=\"og:title\" content=\"G10 HYDRAULIC OIL ISO 32 20L - Gedis-Lub\" \/>\n<meta property=\"og:description\" content=\"Bidon de 20 litres\" \/>\n<meta property=\"og:url\" content=\"https:\/\/gedislub.com\/en\/product\/g10-hydraulic-oil-iso-32-20l\/\" \/>\n<meta property=\"og:site_name\" content=\"Gedis-Lub\" \/>\n<meta property=\"article:publisher\" content=\"https:\/\/www.facebook.com\/gedisAdmin\/\" \/>\n<meta property=\"article:modified_time\" content=\"2021-06-23T10:00:08+00:00\" \/>\n<meta property=\"og:image\" content=\"https:\/\/gedislub.com\/wp-content\/uploads\/G10HYD32B20.jpg\" \/>\n\t<meta property=\"og:image:width\" content=\"800\" \/>\n\t<meta property=\"og:image:height\" content=\"600\" \/>\n<meta name=\"twitter:card\" content=\"summary_large_image\" \/>\n<script type=\"application\/ld+json\" class=\"yoast-schema-graph\">{\"@context\":\"https:\/\/schema.org\",\"@graph\":[{\"@type\":\"Organization\",\"@id\":\"https:\/\/gedislub.com\/en\/#organization\",\"name\":\"Gedis Lub\",\"url\":\"https:\/\/gedislub.com\/en\/\",\"sameAs\":[\"https:\/\/www.facebook.com\/gedisAdmin\/\"],\"logo\":{\"@type\":\"ImageObject\",\"@id\":\"https:\/\/gedislub.com\/en\/#logo\",\"inLanguage\":\"en-US\",\"url\":\"https:\/\/gedislub.com\/wp-content\/uploads\/Gedis-Logo_03.png\",\"contentUrl\":\"https:\/\/gedislub.com\/wp-content\/uploads\/Gedis-Logo_03.png\",\"width\":269,\"height\":88,\"caption\":\"Gedis Lub\"},\"image\":{\"@id\":\"https:\/\/gedislub.com\/en\/#logo\"}},{\"@type\":\"WebSite\",\"@id\":\"https:\/\/gedislub.com\/en\/#website\",\"url\":\"https:\/\/gedislub.com\/en\/\",\"name\":\"Gedis-Lub\",\"description\":\"La qualit\\u00e9 en plus\",\"publisher\":{\"@id\":\"https:\/\/gedislub.com\/en\/#organization\"},\"potentialAction\":[{\"@type\":\"SearchAction\",\"target\":{\"@type\":\"EntryPoint\",\"urlTemplate\":\"https:\/\/gedislub.com\/en\/?s={search_term_string}\"},\"query-input\":\"required name=search_term_string\"}],\"inLanguage\":\"en-US\"},{\"@type\":\"ImageObject\",\"@id\":\"https:\/\/gedislub.com\/en\/product\/g10-hydraulic-oil-iso-32-20l\/#primaryimage\",\"inLanguage\":\"en-US\",\"url\":\"https:\/\/gedislub.com\/wp-content\/uploads\/G10HYD32B20.jpg\",\"contentUrl\":\"https:\/\/gedislub.com\/wp-content\/uploads\/G10HYD32B20.jpg\",\"width\":800,\"height\":600},{\"@type\":\"WebPage\",\"@id\":\"https:\/\/gedislub.com\/en\/product\/g10-hydraulic-oil-iso-32-20l\/#webpage\",\"url\":\"https:\/\/gedislub.com\/en\/product\/g10-hydraulic-oil-iso-32-20l\/\",\"name\":\"G10 HYDRAULIC OIL ISO 32 20L - Gedis-Lub\",\"isPartOf\":{\"@id\":\"https:\/\/gedislub.com\/en\/#website\"},\"primaryImageOfPage\":{\"@id\":\"https:\/\/gedislub.com\/en\/product\/g10-hydraulic-oil-iso-32-20l\/#primaryimage\"},\"datePublished\":\"2021-06-23T09:20:47+00:00\",\"dateModified\":\"2021-06-23T10:00:08+00:00\",\"breadcrumb\":{\"@id\":\"https:\/\/gedislub.com\/en\/product\/g10-hydraulic-oil-iso-32-20l\/#breadcrumb\"},\"inLanguage\":\"en-US\",\"potentialAction\":[{\"@type\":\"ReadAction\",\"target\":[\"https:\/\/gedislub.com\/en\/product\/g10-hydraulic-oil-iso-32-20l\/\"]}]},{\"@type\":\"BreadcrumbList\",\"@id\":\"https:\/\/gedislub.com\/en\/product\/g10-hydraulic-oil-iso-32-20l\/#breadcrumb\",\"itemListElement\":[{\"@type\":\"ListItem\",\"position\":1,\"name\":\"Accueil\",\"item\":\"https:\/\/gedislub.com\/en\/\"},{\"@type\":\"ListItem\",\"position\":2,\"name\":\"Boutique\",\"item\":\"https:\/\/gedislub.com\/en\/boutique\/\"},{\"@type\":\"ListItem\",\"position\":3,\"name\":\"G10 HYDRAULIC OIL ISO 32 20L\"}]}]}<\/script>\n<!-- \/ Yoast SEO plugin. -->","_links":{"self":[{"href":"https:\/\/gedislub.com\/en\/wp-json\/wp\/v2\/product\/16611"}],"collection":[{"href":"https:\/\/gedislub.com\/en\/wp-json\/wp\/v2\/product"}],"about":[{"href":"https:\/\/gedislub.com\/en\/wp-json\/wp\/v2\/types\/product"}],"wp:featuredmedia":[{"embeddable":true,"href":"https:\/\/gedislub.com\/en\/wp-json\/wp\/v2\/media\/16516"}],"wp:attachment":[{"href":"https:\/\/gedislub.com\/en\/wp-json\/wp\/v2\/media?parent=16611"}],"wp:term":[{"taxonomy":"product_cat","embeddable":true,"href":"https:\/\/gedislub.com\/en\/wp-json\/wp\/v2\/product_cat?post=16611"},{"taxonomy":"product_tag","embeddable":true,"href":"https:\/\/gedislub.com\/en\/wp-json\/wp\/v2\/product_tag?post=16611"}],"curies":[{"name":"wp","href":"https:\/\/api.w.org\/{rel}","templated":true}]}}