{"id":16638,"date":"2021-07-01T15:46:51","date_gmt":"2021-07-01T15:46:51","guid":{"rendered":"https:\/\/gedislub.com\/produit\/groupe-electrogene-perkins-60kva\/"},"modified":"2021-07-01T15:46:53","modified_gmt":"2021-07-01T15:46:53","slug":"groupe-electrogene-perkins-60kva","status":"publish","type":"product","link":"https:\/\/gedislub.com\/en\/product\/groupe-electrogene-perkins-60kva\/","title":{"rendered":"GROUPE ELECTROGENE PERKINS 60KVA"},"content":{"rendered":"<p>Moteur : Perkins<br \/>\nAlternateur : Leroy Somer<br \/>\nPanneau de contr\u00f4le : DSE<br \/>\nDisjoncteur : ABB<\/p>\n<p>Mod\u00e8le de groupe \u00e9lectrog\u00e8ne : JP60<br \/>\n&#8211; Puissance de sortie : 380-415 V, 3 ph, 50 Hz, 1500 rpm<br \/>\n&#8211; Prime : 60.0 kVA \/ 66.0 kW<br \/>\n&#8211; Standby : 48.0 kVA \/ 52.8 kW<\/p>\n<p>Donn\u00e9es techniques<br \/>\n&#8211; Marque et mod\u00e8le du moteur : Perkins 1103A-33TG2<br \/>\n&#8211; Type de r\u00e9gulateur : M\u00e9canique<br \/>\n&#8211; Nombre de cylindres et disposition des cylindres : 3 Vertical en ligne<br \/>\n&#8211; Al\u00e9sage et course (mm) : 105 x 127<br \/>\n&#8211; D\u00e9placement \/ Capacit\u00e9 cubique (litres) : 3.3<br \/>\n&#8211; Syst\u00e8me d&#8217;induction : Turbocompress\u00e9<br \/>\n&#8211; cycle : 4 temps<br \/>\n&#8211; Syst\u00e8me de combustion : Injection directe<br \/>\n&#8211; Rapport de compression : 17.25:1<br \/>\n&#8211; Rotation : Sens inverse des aiguilles d&#8217;une montre (vu du volant)<br \/>\n&#8211; Syst\u00e8me de refroidissement : Refroidissement \u00e0 l&#8217;eau<br \/>\n&#8211; Fr\u00e9quence et vitesse du moteur : 50Hz &#038; 1500rpm<br \/>\n                              Prime \/ Standby<br \/>\n&#8211; Puissance brute du moteur kW (hp) : 55.0 (73.8) \/ 60.5 (81.1)<br \/>\n&#8211; Consommation de carburant<br \/>\n@ 50% de charge (L\/hr) : 7.56 \/ &#8211;<br \/>\n@ 75% de charge (L\/hr) : 10.8 \/ &#8211;<br \/>\n@ 100% de charge (L\/hr) : 14.6 \/ 15.9<br \/>\n&#8211; Capacit\u00e9 totale du syst\u00e8me de lubrification (litres) : 8.3 \/ 8.3<br \/>\n&#8211; Capacit\u00e9 totale du liquide de refroidissement (radiateur compris) (litres) : 10.2 \/ 10.2<br \/>\n&#8211; Temp\u00e9rature d&#8217;\u00e9chappement (\u00b0C) : 557 \/ 571<br \/>\n&#8211; D\u00e9bit d&#8217;air de refroidissement du radiateur (Min) (m3\/sec) : 1.48 \/ 1.48<br \/>\n&#8211; D\u00e9bit d&#8217;air de combustion (m3\/min) : 3.8 \/ 3.9<br \/>\n&#8211; D\u00e9bit des gaz d&#8217;\u00e9chappement (m3\/min) : 10.1 \/ 10.4<br \/>\n&#8211; Capacit\u00e9 du r\u00e9servoir de carburant (litres) : 85 \/ 85<br \/>\n&#8211; Longueur (cm) : 175<br \/>\n&#8211; Largeur (cm) : 72<br \/>\n&#8211; Hauteur (cm) : 134<br \/>\n&#8211; Poids (kg) (humide) : 960<\/p>","protected":false},"excerpt":{"rendered":"<p>Moteur : Perkins Alternateur : Leroy Somer Panneau de contr\u00f4le : DSE Disjoncteur : ABB Mod\u00e8le de groupe \u00e9lectrog\u00e8ne : JP60 &#8211; Puissance de sortie : 380-415 V, 3 ph,<\/p>","protected":false},"featured_media":16625,"template":"","meta":[],"product_cat":[],"product_tag":[],"yoast_head":"<!-- This site is optimized with the Yoast SEO plugin v16.6.1 - https:\/\/yoast.com\/wordpress\/plugins\/seo\/ -->\n<title>GROUPE ELECTROGENE PERKINS 60KVA - Gedis-Lub<\/title>\n<meta name=\"robots\" content=\"index, follow, max-snippet:-1, max-image-preview:large, max-video-preview:-1\" \/>\n<link rel=\"canonical\" href=\"https:\/\/gedislub.com\/en\/product\/groupe-electrogene-perkins-60kva\/\" \/>\n<meta property=\"og:locale\" content=\"en_US\" \/>\n<meta property=\"og:type\" content=\"article\" \/>\n<meta property=\"og:title\" content=\"GROUPE ELECTROGENE PERKINS 60KVA - Gedis-Lub\" \/>\n<meta property=\"og:description\" content=\"Moteur : Perkins Alternateur : Leroy Somer Panneau de contr\u00f4le : DSE Disjoncteur : ABB Mod\u00e8le de groupe \u00e9lectrog\u00e8ne : JP60 &#8211; Puissance de sortie : 380-415 V, 3 ph,\" \/>\n<meta property=\"og:url\" content=\"https:\/\/gedislub.com\/en\/product\/groupe-electrogene-perkins-60kva\/\" \/>\n<meta property=\"og:site_name\" content=\"Gedis-Lub\" \/>\n<meta property=\"article:publisher\" content=\"https:\/\/www.facebook.com\/gedisAdmin\/\" \/>\n<meta property=\"article:modified_time\" content=\"2021-07-01T15:46:53+00:00\" \/>\n<meta property=\"og:image\" content=\"https:\/\/gedislub.com\/wp-content\/uploads\/JP60.jpg\" \/>\n\t<meta property=\"og:image:width\" content=\"800\" \/>\n\t<meta property=\"og:image:height\" content=\"600\" \/>\n<meta name=\"twitter:card\" content=\"summary_large_image\" \/>\n<meta name=\"twitter:label1\" content=\"Est. reading time\" \/>\n\t<meta name=\"twitter:data1\" content=\"1 minute\" \/>\n<script type=\"application\/ld+json\" class=\"yoast-schema-graph\">{\"@context\":\"https:\/\/schema.org\",\"@graph\":[{\"@type\":\"Organization\",\"@id\":\"https:\/\/gedislub.com\/en\/#organization\",\"name\":\"Gedis Lub\",\"url\":\"https:\/\/gedislub.com\/en\/\",\"sameAs\":[\"https:\/\/www.facebook.com\/gedisAdmin\/\"],\"logo\":{\"@type\":\"ImageObject\",\"@id\":\"https:\/\/gedislub.com\/en\/#logo\",\"inLanguage\":\"en-US\",\"url\":\"https:\/\/gedislub.com\/wp-content\/uploads\/Gedis-Logo_03.png\",\"contentUrl\":\"https:\/\/gedislub.com\/wp-content\/uploads\/Gedis-Logo_03.png\",\"width\":269,\"height\":88,\"caption\":\"Gedis Lub\"},\"image\":{\"@id\":\"https:\/\/gedislub.com\/en\/#logo\"}},{\"@type\":\"WebSite\",\"@id\":\"https:\/\/gedislub.com\/en\/#website\",\"url\":\"https:\/\/gedislub.com\/en\/\",\"name\":\"Gedis-Lub\",\"description\":\"La qualit\\u00e9 en plus\",\"publisher\":{\"@id\":\"https:\/\/gedislub.com\/en\/#organization\"},\"potentialAction\":[{\"@type\":\"SearchAction\",\"target\":{\"@type\":\"EntryPoint\",\"urlTemplate\":\"https:\/\/gedislub.com\/en\/?s={search_term_string}\"},\"query-input\":\"required name=search_term_string\"}],\"inLanguage\":\"en-US\"},{\"@type\":\"ImageObject\",\"@id\":\"https:\/\/gedislub.com\/en\/product\/groupe-electrogene-perkins-60kva\/#primaryimage\",\"inLanguage\":\"en-US\",\"url\":\"https:\/\/gedislub.com\/wp-content\/uploads\/JP60.jpg\",\"contentUrl\":\"https:\/\/gedislub.com\/wp-content\/uploads\/JP60.jpg\",\"width\":800,\"height\":600},{\"@type\":\"WebPage\",\"@id\":\"https:\/\/gedislub.com\/en\/product\/groupe-electrogene-perkins-60kva\/#webpage\",\"url\":\"https:\/\/gedislub.com\/en\/product\/groupe-electrogene-perkins-60kva\/\",\"name\":\"GROUPE ELECTROGENE PERKINS 60KVA - Gedis-Lub\",\"isPartOf\":{\"@id\":\"https:\/\/gedislub.com\/en\/#website\"},\"primaryImageOfPage\":{\"@id\":\"https:\/\/gedislub.com\/en\/product\/groupe-electrogene-perkins-60kva\/#primaryimage\"},\"datePublished\":\"2021-07-01T15:46:51+00:00\",\"dateModified\":\"2021-07-01T15:46:53+00:00\",\"breadcrumb\":{\"@id\":\"https:\/\/gedislub.com\/en\/product\/groupe-electrogene-perkins-60kva\/#breadcrumb\"},\"inLanguage\":\"en-US\",\"potentialAction\":[{\"@type\":\"ReadAction\",\"target\":[\"https:\/\/gedislub.com\/en\/product\/groupe-electrogene-perkins-60kva\/\"]}]},{\"@type\":\"BreadcrumbList\",\"@id\":\"https:\/\/gedislub.com\/en\/product\/groupe-electrogene-perkins-60kva\/#breadcrumb\",\"itemListElement\":[{\"@type\":\"ListItem\",\"position\":1,\"name\":\"Accueil\",\"item\":\"https:\/\/gedislub.com\/en\/\"},{\"@type\":\"ListItem\",\"position\":2,\"name\":\"Boutique\",\"item\":\"https:\/\/gedislub.com\/en\/boutique\/\"},{\"@type\":\"ListItem\",\"position\":3,\"name\":\"GROUPE ELECTROGENE PERKINS 60KVA\"}]}]}<\/script>\n<!-- \/ Yoast SEO plugin. -->","_links":{"self":[{"href":"https:\/\/gedislub.com\/en\/wp-json\/wp\/v2\/product\/16638"}],"collection":[{"href":"https:\/\/gedislub.com\/en\/wp-json\/wp\/v2\/product"}],"about":[{"href":"https:\/\/gedislub.com\/en\/wp-json\/wp\/v2\/types\/product"}],"wp:featuredmedia":[{"embeddable":true,"href":"https:\/\/gedislub.com\/en\/wp-json\/wp\/v2\/media\/16625"}],"wp:attachment":[{"href":"https:\/\/gedislub.com\/en\/wp-json\/wp\/v2\/media?parent=16638"}],"wp:term":[{"taxonomy":"product_cat","embeddable":true,"href":"https:\/\/gedislub.com\/en\/wp-json\/wp\/v2\/product_cat?post=16638"},{"taxonomy":"product_tag","embeddable":true,"href":"https:\/\/gedislub.com\/en\/wp-json\/wp\/v2\/product_tag?post=16638"}],"curies":[{"name":"wp","href":"https:\/\/api.w.org\/{rel}","templated":true}]}}